{"id":2784,"date":"2020-11-18T10:46:03","date_gmt":"2020-11-18T09:46:03","guid":{"rendered":"https:\/\/www.mfmarchiori.com\/condizioni-di-vendita\/"},"modified":"2021-02-16T15:39:01","modified_gmt":"2021-02-16T14:39:01","slug":"terms-and-conditions","status":"publish","type":"page","link":"https:\/\/www.mfmarchiori.com\/en\/terms-and-conditions\/","title":{"rendered":"Terms and conditions"},"content":{"rendered":"\t\t<div data-elementor-type=\"wp-page\" data-elementor-id=\"2784\" class=\"elementor elementor-2784 elementor-2548\">\n\t\t\t\t\t\t<div class=\"elementor-inner\">\n\t\t\t\t<div class=\"elementor-section-wrap\">\n\t\t\t\t\t\t\t\t\t<main class=\"elementor-section elementor-top-section elementor-element elementor-element-40206797 elementor-section-boxed elementor-section-height-default elementor-section-height-default\" data-id=\"40206797\" data-element_type=\"section\">\n\t\t\t\t\t\t<div class=\"elementor-container elementor-column-gap-thegem\">\n\t\t\t\t\t\t\t<div class=\"elementor-row\">\n\t\t\t\t\t<div class=\"elementor-column elementor-col-100 elementor-top-column elementor-element elementor-element-695a2f61\" data-id=\"695a2f61\" data-element_type=\"column\">\n\t\t\t<div class=\"elementor-column-wrap elementor-element-populated\">\n\t\t\t\t\t\t\t<div class=\"elementor-widget-wrap\">\n\t\t\t\t\t\t<section class=\"elementor-section elementor-inner-section elementor-element elementor-element-19c3c67b elementor-section-full_width elementor-reverse-tablet elementor-reverse-mobile elementor-section-height-default elementor-section-height-default\" data-id=\"19c3c67b\" data-element_type=\"section\">\n\t\t\t\t\t\t<div class=\"elementor-container elementor-column-gap-no\">\n\t\t\t\t\t\t\t<div class=\"elementor-row\">\n\t\t\t\t\t<div class=\"elementor-column elementor-col-100 elementor-inner-column elementor-element elementor-element-72339b9c\" data-id=\"72339b9c\" data-element_type=\"column\">\n\t\t\t<div class=\"elementor-column-wrap elementor-element-populated\">\n\t\t\t\t\t\t\t<div class=\"elementor-widget-wrap\">\n\t\t\t\t\t\t<div class=\"elementor-element elementor-element-a9de9a2 flex-horizontal-align-default flex-horizontal-align-tablet-default flex-horizontal-align-mobile-default flex-vertical-align-default flex-vertical-align-tablet-default flex-vertical-align-mobile-default elementor-widget elementor-widget-text-editor\" data-id=\"a9de9a2\" data-element_type=\"widget\" data-widget_type=\"text-editor.default\">\n\t\t\t\t<div class=\"elementor-widget-container\">\n\t\t\t\t\t\t\t\t<div class=\"elementor-text-editor elementor-clearfix\">\n\t\t\t\t<h3>CONDITIONS OF SALE<\/h3><p>1. Le presenti condizioni di vendita si intendono parte integrante di ogni fornitura di beni da parte di MF MARCHIORI S.R.L.<\/p><p>2. I prezzi sono comprensivi di imballi di cartone secondo lo standard previsto da MF MARCHIORI S.R.L. Eventuali imballi speciali verranno quotati separatamente sulla base delle specifiche richieste del cliente.<\/p><p>3. Le offerte saranno valide solo se fatte per iscritto e solo per il periodo in esse indicato. Se non indicato, tale periodo sar\u00e0 di quindici giorni. Ogni ordine deve essere fatto per iscritto.<\/p><p>4. Il pagamento dovr\u00e0 avvenire secondo le modalit\u00e0 indicate, senza ulteriore comunicazione da parte di MF MARCHIORI S.R.L.. Il termine di pagamento deve considerarsi essenziale. In caso di ritardi nei pagamenti MF MARCHIORI S.R.L. pu\u00f2 sospendere qualsiasi consegna o servizio in corso con il cliente. In caso di penali applicate dal cliente per ritardi di fornitura, queste verranno posticipate di un periodo parti al ritardo nei pagamenti. In caso di ritardo nel pagamento,<br \/>verranno addebitati gli interessi di mora e gli eventuali costi di recupero del credito nella misura prevista dal D. Lgs 231\/2002, e questi decorreranno dal termine di pagamento indicato in fattura<\/p><p>5. In caso di modifiche dal cliente successivamente alla stipula del contratto, queste dovranno essere preventivamente concordate per iscritto con MF MARCHIORI S.R.L., ed i costi derivanti dalle modifiche saranno fatturati al cliente.<\/p><p>6. Le merci viaggiano a rischio e pericolo del committente anche se vendute in porto franco. In mancanza di precise istruzioni le spedizioni saranno effettuate col mezzo ritenuto pi\u00f9 opportuno, senza che ci\u00f2 possa dar luogo a reclami. Il tempo medio di consegna \u00e8 di 7-8gg\/lav.<br \/>dalla data di spedizione. Le spedizioni con richiesta da parte del cliente di consegna urgente o tassativa, pur avendo le caratteristiche per la resa in porto franco, saranno aggravate di un addebito proporzionato al volume\/peso della spedizione in oggetto; tale aggravio sar\u00e0<\/p>\t\t\t\t\t<\/div>\n\t\t\t\t\t\t<\/div>\n\t\t\t\t<\/div>\n\t\t\t\t\t\t<\/div>\n\t\t\t\t\t<\/div>\n\t\t<\/div>\n\t\t\t\t\t\t\t\t<\/div>\n\t\t\t\t\t<\/div>\n\t\t<\/section>\n\t\t\t\t\t\t<\/div>\n\t\t\t\t\t<\/div>\n\t\t<\/div>\n\t\t\t\t\t\t\t\t<\/div>\n\t\t\t\t\t<\/div>\n\t\t<\/main>\n\t\t\t\t\t\t\t\t\t<\/div>\n\t\t\t<\/div>\n\t\t\t\t\t<\/div>\n\t\t","protected":false},"excerpt":{"rendered":"<p>CONDITIONS OF SALE 1. Le presenti condizioni di vendita si intendono parte integrante di ogni fornitura di beni da parte&#8230;<\/p>\n","protected":false},"author":1,"featured_media":0,"parent":0,"menu_order":0,"comment_status":"closed","ping_status":"closed","template":"","meta":{"footnotes":""},"aioseo_notices":[],"_links":{"self":[{"href":"https:\/\/www.mfmarchiori.com\/en\/wp-json\/wp\/v2\/pages\/2784"}],"collection":[{"href":"https:\/\/www.mfmarchiori.com\/en\/wp-json\/wp\/v2\/pages"}],"about":[{"href":"https:\/\/www.mfmarchiori.com\/en\/wp-json\/wp\/v2\/types\/page"}],"author":[{"embeddable":true,"href":"https:\/\/www.mfmarchiori.com\/en\/wp-json\/wp\/v2\/users\/1"}],"replies":[{"embeddable":true,"href":"https:\/\/www.mfmarchiori.com\/en\/wp-json\/wp\/v2\/comments?post=2784"}],"version-history":[{"count":4,"href":"https:\/\/www.mfmarchiori.com\/en\/wp-json\/wp\/v2\/pages\/2784\/revisions"}],"predecessor-version":[{"id":2789,"href":"https:\/\/www.mfmarchiori.com\/en\/wp-json\/wp\/v2\/pages\/2784\/revisions\/2789"}],"wp:attachment":[{"href":"https:\/\/www.mfmarchiori.com\/en\/wp-json\/wp\/v2\/media?parent=2784"}],"curies":[{"name":"wp","href":"https:\/\/api.w.org\/{rel}","templated":true}]}}